{"id":1057,"date":"2021-09-14T18:02:20","date_gmt":"2021-09-14T18:02:20","guid":{"rendered":"http:\/\/reddih.net\/?page_id=1057"},"modified":"2022-11-28T19:47:06","modified_gmt":"2022-11-28T19:47:06","slug":"directorio","status":"publish","type":"page","link":"https:\/\/reddih.net\/index.php\/directorio\/","title":{"rendered":"Directorio"},"content":{"rendered":"<p><img decoding=\"async\" width=\"150\" height=\"150\" src=\"https:\/\/reddih.net\/wp-content\/uploads\/2021\/09\/TRINO-PADILLA-150x150.png\" alt=\"\" loading=\"lazy\" srcset=\"https:\/\/reddih.net\/wp-content\/uploads\/2021\/09\/TRINO-PADILLA-150x150.png 150w, https:\/\/reddih.net\/wp-content\/uploads\/2021\/09\/TRINO-PADILLA-300x300.png 300w, https:\/\/reddih.net\/wp-content\/uploads\/2021\/09\/TRINO-PADILLA-200x200.png 200w, https:\/\/reddih.net\/wp-content\/uploads\/2021\/09\/TRINO-PADILLA.png 400w\" sizes=\"auto, (max-width: 150px) 100vw, 150px\"><\/p>\n<p>Presidente:  Lic. Jos\u00e9 Trinidad Padilla L\u00f2pez<\/p>\n<p>Ex Rector General de la Universidad de Guadalajara<\/p>\n<p><img decoding=\"async\" width=\"150\" height=\"150\" src=\"https:\/\/reddih.net\/wp-content\/uploads\/2022\/11\/Linda-Dayan-Castro2-150x150.jpg\" alt=\"\" loading=\"lazy\"><\/p>\n<p>Vicepresidencia: Mtra. Linda Dayan Castro Calvo<\/p>\n<p>Directora Jur\u00eddica de la Fundaci\u00f3n Kala, Colombia<\/p>\n<p><img decoding=\"async\" width=\"142\" height=\"150\" src=\"https:\/\/reddih.net\/wp-content\/uploads\/2021\/09\/unnamed-142x150.jpg\" alt=\"\" loading=\"lazy\"><\/p>\n<p>Secretario T\u00e9cnico:  Dr Sergio Aguilar Moncayo<\/p>\n<p>Coordinador General del Congreso Internacional de Derechos Humanos y Director de la EPR de Zacoalco de Torres de la Universidad de Guadalajara.<\/p>\n<p><img decoding=\"async\" width=\"150\" height=\"150\" src=\"https:\/\/reddih.net\/wp-content\/uploads\/2022\/11\/jeanet-150x150.jpeg\" alt=\"\" loading=\"lazy\"><\/p>\n<p>Secretario Administrativo:  Mtra. Janeth Carrillo Magdaleno<br \/>\nSupremo Tribunal de Justicia del Estado de Jalisco.<\/p>\n<p><img decoding=\"async\" width=\"150\" height=\"150\" src=\"https:\/\/reddih.net\/wp-content\/uploads\/2022\/11\/Dra.-Teresa-Magnolia-Preciado-Rodriguez-150x150.jpg\" alt=\"\" loading=\"lazy\"><\/p>\n<p>Comit\u00e9 cient\u00edfico: Teresa Magnolia Preciado Rodr\u00edguez<\/p>\n<p>CUTonal\u00e1, Universidad de Guadalajara.<\/p>\n<p><img decoding=\"async\" width=\"150\" height=\"150\" src=\"https:\/\/reddih.net\/wp-content\/uploads\/2022\/11\/jose-antonio-ruvalcaba-150x150.jpeg\" alt=\"\" loading=\"lazy\"><\/p>\n<p>Comit\u00e9 certificador: Jos\u00e9 Antonio Ruvalcaba<\/p>\n<p>Universidad Enrique D\u00edaz de Le\u00f3n.<\/p>\n<p><img decoding=\"async\" width=\"150\" height=\"150\" src=\"https:\/\/reddih.net\/wp-content\/uploads\/2022\/11\/moel-150x150.jpeg\" alt=\"\" loading=\"lazy\"><\/p>\n<p>Comit\u00e9 de asesores<br \/>\nEduardo Moel Moediano.<\/p>\n<p><img decoding=\"async\" width=\"150\" height=\"150\" src=\"https:\/\/reddih.net\/wp-content\/uploads\/2022\/11\/Carmen-valenzuela-150x150.jpeg\" alt=\"\" loading=\"lazy\"><\/p>\n<p>Direcci\u00f3n general de programas: Mtra. Carmen Valenzuela G\u00f3mez<\/p>\n<p>Directora acad\u00e9mica SUV Universidad de Guadalajara<\/p>\n<p><img decoding=\"async\" width=\"150\" height=\"150\" src=\"https:\/\/reddih.net\/wp-content\/uploads\/2022\/11\/moloeznik-150x150.jpeg\" alt=\"\" loading=\"lazy\"><\/p>\n<p>Comit\u00e9 editorial: Marcos Pablo Moloeznick<\/p>\n<p><img decoding=\"async\" width=\"150\" height=\"150\" src=\"https:\/\/reddih.net\/wp-content\/uploads\/2022\/11\/carmen-undl-150x150.jpeg\" alt=\"\" loading=\"lazy\"><\/p>\n<p>Comit\u00e9 acad\u00e9mico:<br \/>\nDra. Carmen Salazar Rodr\u00edguez<\/p>\n<p>Universidad Enrique D\u00edaz de Le\u00f3n<\/p>\n<p><img decoding=\"async\" width=\"150\" height=\"150\" src=\"https:\/\/reddih.net\/wp-content\/uploads\/2022\/11\/dante-haro-150x150.jpeg\" alt=\"\" loading=\"lazy\"><\/p>\n<p>Direcci\u00f3n de delegaciones:<br \/>\nDr. Dante Jaime Haro Reyes<br \/>\nOmbudsperson de la Universidad de Guadalajara<\/p>\n<p><img decoding=\"async\" width=\"150\" height=\"150\" src=\"https:\/\/reddih.net\/wp-content\/uploads\/2022\/11\/evangelina-150x150.jpeg\" alt=\"\" loading=\"lazy\"><\/p>\n<p>Direcci\u00f3n de oficina de enlace:<br \/>\nMtra. Evangelina<br \/>\nLozano Montes de Oca<br \/>\nCUSur<br \/>\nUniversidad de Guadalajara<\/p>\n","protected":false},"excerpt":{"rendered":"","protected":false},"author":1,"featured_media":0,"parent":0,"menu_order":0,"comment_status":"closed","ping_status":"closed","template":"","meta":{"om_disable_all_campaigns":false,"_monsterinsights_skip_tracking":false,"_monsterinsights_sitenote_active":false,"_monsterinsights_sitenote_note":"","_monsterinsights_sitenote_category":0,"footnotes":""},"class_list":["post-1057","page","type-page","status-publish","hentry"],"_links":{"self":[{"href":"https:\/\/reddih.net\/index.php\/wp-json\/wp\/v2\/pages\/1057","targetHints":{"allow":["GET"]}}],"collection":[{"href":"https:\/\/reddih.net\/index.php\/wp-json\/wp\/v2\/pages"}],"about":[{"href":"https:\/\/reddih.net\/index.php\/wp-json\/wp\/v2\/types\/page"}],"author":[{"embeddable":true,"href":"https:\/\/reddih.net\/index.php\/wp-json\/wp\/v2\/users\/1"}],"replies":[{"embeddable":true,"href":"https:\/\/reddih.net\/index.php\/wp-json\/wp\/v2\/comments?post=1057"}],"version-history":[{"count":59,"href":"https:\/\/reddih.net\/index.php\/wp-json\/wp\/v2\/pages\/1057\/revisions"}],"predecessor-version":[{"id":3092,"href":"https:\/\/reddih.net\/index.php\/wp-json\/wp\/v2\/pages\/1057\/revisions\/3092"}],"wp:attachment":[{"href":"https:\/\/reddih.net\/index.php\/wp-json\/wp\/v2\/media?parent=1057"}],"curies":[{"name":"wp","href":"https:\/\/api.w.org\/{rel}","templated":true}]}}