{"id":1555,"date":"2022-02-12T17:58:21","date_gmt":"2022-02-12T17:58:21","guid":{"rendered":"http:\/\/reddih.net\/?page_id=1555"},"modified":"2022-09-12T18:14:07","modified_gmt":"2022-09-12T18:14:07","slug":"elementor-1555","status":"publish","type":"page","link":"https:\/\/reddih.net\/index.php\/elementor-1555\/","title":{"rendered":"Noticias"},"content":{"rendered":"<h3>3er. Congreso Internacional de Derechos Humanos,<br \/>\nJusticia y Estado de Derecho<\/h3>\n<p><iframe loading=\"lazy\" title=\"RP: Tercer Congreso Internacional en Derechos Humanos \u201cJusticia y Estado de Derecho\u201d\" width=\"1505\" height=\"847\" src=\"https:\/\/www.youtube.com\/embed\/YWShvgo1qgs?feature=oembed\" frameborder=\"0\" allow=\"accelerometer; autoplay; clipboard-write; encrypted-media; gyroscope; picture-in-picture\" allowfullscreen><\/iframe><\/p>\n<h2><\/h2>\n<h1 style=\"margin-bottom: 10px; padding-top: 12px; padding-bottom: 12px; border-bottom: thin dotted rgb(221, 221, 221); outline: 0px; vertical-align: bottom; font-style: normal; font-variant-ligatures: normal; font-variant-caps: normal; font-size: 30px; line-height: 35px; font-family: &quot;Noticia Text&quot;, serif; letter-spacing: -0.05em; background: transparent; color: rgb(51, 111, 157); min-height: 24px; white-space: normal;\">Convocan a buscar respuestas a los principales retos de Am\u00e9rica Latina en materia de derechos humanos<\/h1>\n<ul style=\"margin-top: 1em; margin-left: 0px; outline: 0px; vertical-align: baseline; font-size: 13px; list-style: none; background: transparent;\">\n<li style=\"padding-top: 5px; padding-bottom: 5px; border-top: 1px dotted rgb(204, 204, 204); border-bottom: 1px dotted rgb(204, 204, 204); outline: 0px; vertical-align: baseline; font-size: 0.9em; background: transparent; list-style: none none;\"><\/li>\n<\/ul>\n<p><img decoding=\"async\" width=\"768\" height=\"512\" src=\"https:\/\/reddih.net\/wp-content\/uploads\/2022\/02\/211129_convocan_a_buscar_respuestas_a_los_principales_retos_de_america_latina_en_materia_de_derechos_humanos_ga8-768x512.jpeg\" alt=\"\" loading=\"lazy\" srcset=\"https:\/\/reddih.net\/wp-content\/uploads\/2022\/02\/211129_convocan_a_buscar_respuestas_a_los_principales_retos_de_america_latina_en_materia_de_derechos_humanos_ga8-768x512.jpeg 768w, https:\/\/reddih.net\/wp-content\/uploads\/2022\/02\/211129_convocan_a_buscar_respuestas_a_los_principales_retos_de_america_latina_en_materia_de_derechos_humanos_ga8-300x200.jpeg 300w, https:\/\/reddih.net\/wp-content\/uploads\/2022\/02\/211129_convocan_a_buscar_respuestas_a_los_principales_retos_de_america_latina_en_materia_de_derechos_humanos_ga8-1024x683.jpeg 1024w, https:\/\/reddih.net\/wp-content\/uploads\/2022\/02\/211129_convocan_a_buscar_respuestas_a_los_principales_retos_de_america_latina_en_materia_de_derechos_humanos_ga8-1536x1024.jpeg 1536w, https:\/\/reddih.net\/wp-content\/uploads\/2022\/02\/211129_convocan_a_buscar_respuestas_a_los_principales_retos_de_america_latina_en_materia_de_derechos_humanos_ga8-2048x1365.jpeg 2048w, https:\/\/reddih.net\/wp-content\/uploads\/2022\/02\/211129_convocan_a_buscar_respuestas_a_los_principales_retos_de_america_latina_en_materia_de_derechos_humanos_ga8-615x410.jpeg 615w\" sizes=\"auto, (max-width: 768px) 100vw, 768px\"><br \/>\nAl inaugurar el 3er. Foro Internacional Derechos Humanos, Justicia y Resiliencia, el Rector General de la UdeG destac\u00f3 que hoy es urgente un esp\u00edritu resiliente ante la pandemia<\/p>\n<ul style=\"margin-top: 1em; padding-left: 1em; outline: 0px; vertical-align: baseline; font-size: 13px; list-style: none; background: transparent; zoom: 1;\">\n<li style=\"margin-right: -867px; outline: 0px; vertical-align: baseline; font-size: 13px; background: transparent; display: block; backface-visibility: hidden; width: 867px; float: left; position: relative; opacity: 0; z-index: 1;\" data-thumb=\"https:\/\/www.udg.mx\/sites\/default\/files\/img_noticias\/211129_convocan_a_buscar_respuestas_a_los_principales_retos_de_america_latina_en_materia_de_derechos_humanos_ga4.jpg\" data-thumb-alt=\"Al inaugurar el 3er. Foro Internacional Derechos Humanos, Justicia y Resiliencia, el Rector General de la UdeG destac\u00f3 que hoy es urgente un esp\u00edritu resiliente ante la pandemia\">\n<p style=\"outline: 0px; vertical-align: baseline; font-size: 13px; background: transparent;\"><img decoding=\"async\" style=\"border-width: 0px; border-style: initial; outline: 0px; vertical-align: baseline; font-size: 13px; background: transparent; width: 867px; display: block;\" title=\"Convocan a buscar respuestas a los principales retos de Am\u00e9rica Latina en materia de derechos humanos\" draggable=\"false\" src=\"https:\/\/www.udg.mx\/sites\/default\/files\/img_noticias\/211129_convocan_a_buscar_respuestas_a_los_principales_retos_de_america_latina_en_materia_de_derechos_humanos_ga4.jpg\" alt=\"Al inaugurar el 3er. Foro Internacional Derechos Humanos, Justicia y Resiliencia, el Rector General de la UdeG destac\u00f3 que hoy es urgente un esp\u00edritu resiliente ante la pandemia\"><\/p>\n<\/li>\n<li style=\"margin-right: -867px; outline: 0px; vertical-align: baseline; font-size: 13px; background: transparent; display: block; backface-visibility: hidden; width: 867px; float: left; position: relative; opacity: 0; z-index: 1;\" data-thumb=\"https:\/\/www.udg.mx\/sites\/default\/files\/img_noticias\/211129_convocan_a_buscar_respuestas_a_los_principales_retos_de_america_latina_en_materia_de_derechos_humanos_ga1.jpg\" data-thumb-alt=\"\"><img decoding=\"async\" style=\"border-width: 0px; border-style: initial; outline: 0px; vertical-align: baseline; font-size: 13px; background: transparent; width: 867px; display: block;\" draggable=\"false\" src=\"https:\/\/www.udg.mx\/sites\/default\/files\/img_noticias\/211129_convocan_a_buscar_respuestas_a_los_principales_retos_de_america_latina_en_materia_de_derechos_humanos_ga1.jpg\" alt=\"\">&nbsp;<\/li>\n<li style=\"margin-right: -867px; outline: 0px; vertical-align: baseline; font-size: 13px; background: transparent; display: block; backface-visibility: hidden; width: 867px; float: left; position: relative; opacity: 0; z-index: 1;\" data-thumb=\"https:\/\/www.udg.mx\/sites\/default\/files\/img_noticias\/211129_convocan_a_buscar_respuestas_a_los_principales_retos_de_america_latina_en_materia_de_derechos_humanos_ga2.jpg\" data-thumb-alt=\"\"><img decoding=\"async\" style=\"border-width: 0px; border-style: initial; outline: 0px; vertical-align: baseline; font-size: 13px; background: transparent; width: 867px; display: block;\" draggable=\"false\" src=\"https:\/\/www.udg.mx\/sites\/default\/files\/img_noticias\/211129_convocan_a_buscar_respuestas_a_los_principales_retos_de_america_latina_en_materia_de_derechos_humanos_ga2.jpg\" alt=\"\">&nbsp;<\/li>\n<\/ul>\n<ol style=\"margin-top: 5px; margin-bottom: 0px; outline: 0px; vertical-align: baseline; font-size: 13px; list-style: none; background: transparent; width: 880px; position: static; bottom: -40px; text-align: center; overflow: hidden;\">\n<li style=\"margin: 5px; outline: 0px; vertical-align: baseline; font-size: 13px; background: transparent; display: inline-block; zoom: 1; width: 60px; float: none;\">&nbsp;<\/li>\n<\/ol>\n<p>Las afectaciones a ra\u00edz de la pandemia del COVID-19 ser\u00e1n m\u00e1s severas a largo plazo porque han golpeado en los cimientos de las estructuras sociales y han revictimizado a los grupos m\u00e1s vulnerables, afirm\u00f3 el licenciado Jos\u00e9 Trinidad Padilla L\u00f3pez, Director de la Biblioteca P\u00fablica del Estado de Jalisco Juan Jos\u00e9 Arreola y Presidente consejero de la Red Internacional de Derechos Humanos y Derecho Internacional Humanitario (REDDIH).<\/p>\n<p>Durante el acto inaugural del 3er. Foro Internacional Derechos Humanos, Justicia y Resiliencia, en el marco de la Feria Internacional del Libro de Guadalajara (FIL 2021), Padilla L\u00f3pez destac\u00f3 que ante un escenario con grandes desaf\u00edos y ante la noticia de una nueva cepa de SARS-CoV-2, hay el reto de velar por los principios de los derechos humanos.<\/p>\n<p>\u201cLa inequidad de g\u00e9nero, el \u00e9xodo humano hacia mejores oportunidades de vida, el no acceso a la salud como un derecho universal, la opresi\u00f3n e inseguridad, la vulneraci\u00f3n de los derechos de ni\u00f1os y adolescentes, entre otros, son algunos de los males sociales que ya preexist\u00edan y que ahora se han agravado a tal punto que se requiere trabajar para promover una concientizaci\u00f3n de la urgencia de una reconversi\u00f3n de las estructuras\u201d, reflexion\u00f3.<\/p>\n<p>Destac\u00f3 que hoy toca a todos ser esa sociedad conmovida y resiliente ante la crisis y volverla un momento de oportunidad. Por ello, y con la intenci\u00f3n de buscar respuestas creativas a los principales retos de Am\u00e9rica Latina en materia de derechos humanos y Estado de derecho, se ha convocado a este tercer foro.<\/p>\n<p>Explic\u00f3 que el contexto actual oblig\u00f3 a pasar de uno a cinco d\u00edas de actividades para abordar la mayor cantidad posible de ejes tem\u00e1ticos de inter\u00e9s, como los de: seguridad y justicia, democracia y Estado de derecho, adolescentes y j\u00f3venes, salud y migraci\u00f3n; los cuales muestran un caleidoscopio de subtemas, problemas y desaf\u00edos sobre los que es indispensable reflexionar con detenimiento.<\/p>\n<p>Padilla L\u00f3pez agradeci\u00f3 la suma de esfuerzos de instituciones internacionales que forman parte de la red y que tienen representaci\u00f3n en este ejercicio de an\u00e1lisis y discusi\u00f3n, como la Universidad del Norte (de Colombia), el Instituto Internacional de Liderazgo de Israel, la Academia Nacional de Estudios Pol\u00edticos y Estrat\u00e9gicos de Chile, y el Poder Judicial de Per\u00fa, entre otras.<\/p>\n<p>El Rector General de la UdeG, doctor Ricardo Villanueva Lomel\u00ed, destac\u00f3 que el foro se ha instalado en la FIL para quedarse, y ya es una actividad tradicional dentro de la feria.<\/p>\n<p>Dijo que es pertinente incluir la resiliencia en el foro, ya que en estos momentos es clave. \u201cLos seres humanos nos vamos a tener que reinventar a partir de estos dos \u00faltimos a\u00f1os, y los universitarios tendremos que tener un esp\u00edritu resiliente, ya que la tragedia (ocasionada por la pandemia) algo bueno tiene que dejar\u201d.<\/p>\n<p>El titular de la Comisi\u00f3n Estatal de Derechos Humanos de Jalisco (CEDHJ),&nbsp;<em style=\"outline: 0px; vertical-align: baseline; font-size: 13px; background: transparent;\">Alfonso Hern\u00e1ndez Barr\u00f3n<\/em>, habl\u00f3 de la importancia de la defensa de los derechos humanos y la cultura de los pueblos por su relevancia en las sociedades democr\u00e1ticas.<\/p>\n<p>La Subsecretaria de Derechos Humanos de la Secretar\u00eda General de Gobierno, licenciada&nbsp;<a style=\"outline: 0px; vertical-align: baseline; font-size: 13px; background: transparent; color: #244e9a; text-decoration-line: none; cursor: pointer;\" title=\"Fabiola Raquel Guadalupe Loya Hern\u00e1ndez\" href=\"https:\/\/info.jalisco.gob.mx\/gobierno\/organigrama\/19068\">Fabiola Raquel Guadalupe Loya Hern\u00e1ndez<\/a>, fue la encargada de dar la declaratoria inaugural del foro.<\/p>\n<p>Estuvieron tambi\u00e9n en el pres\u00eddium la magistrada&nbsp;<em style=\"outline: 0px; vertical-align: baseline; font-size: 13px; background: transparent;\">Ver\u00f3nica Elizabeth<\/em><em style=\"outline: 0px; vertical-align: baseline; font-size: 13px; background: transparent;\">&nbsp;<em style=\"outline: 0px; vertical-align: baseline; font-size: 13px; background: transparent;\">Ucaranz<\/em>a&nbsp;<em style=\"outline: 0px; vertical-align: baseline; font-size: 13px; background: transparent;\">S\u00e1nchez<\/em><\/em>,&nbsp;del Supremo Tribunal de Justicia del Estado de Jalisco y la maestra Claudia Robles Morales, Rectora de la Universidad Enrique D\u00edaz de Le\u00f3n; asistieron al acto representantes de organismos civiles, asociaciones e instituciones, y entidades gubernamentales.<\/p>\n<p>El foro que fue inaugurado el d\u00eda de hoy en el auditorio Jos\u00e9 Cornejo Franco de la Biblioteca P\u00fablica del Estado de Jalisco, concluir\u00e1 el viernes 3 de diciembre.<\/p>\n<p><strong style=\"outline: 0px; vertical-align: baseline; font-size: 13px; background: transparent;\">Texto:&nbsp;<\/strong><strong style=\"outline: 0px; vertical-align: baseline; font-size: 13px; background: transparent;\">Martha Eva Loera<br \/>\nFotograf\u00eda: Gustavo Alfonzo<\/strong><\/p>\n","protected":false},"excerpt":{"rendered":"","protected":false},"author":2,"featured_media":0,"parent":0,"menu_order":0,"comment_status":"open","ping_status":"closed","template":"elementor_theme","meta":{"om_disable_all_campaigns":false,"_monsterinsights_skip_tracking":false,"_monsterinsights_sitenote_active":false,"_monsterinsights_sitenote_note":"","_monsterinsights_sitenote_category":0,"footnotes":""},"class_list":["post-1555","page","type-page","status-publish","hentry"],"_links":{"self":[{"href":"https:\/\/reddih.net\/index.php\/wp-json\/wp\/v2\/pages\/1555","targetHints":{"allow":["GET"]}}],"collection":[{"href":"https:\/\/reddih.net\/index.php\/wp-json\/wp\/v2\/pages"}],"about":[{"href":"https:\/\/reddih.net\/index.php\/wp-json\/wp\/v2\/types\/page"}],"author":[{"embeddable":true,"href":"https:\/\/reddih.net\/index.php\/wp-json\/wp\/v2\/users\/2"}],"replies":[{"embeddable":true,"href":"https:\/\/reddih.net\/index.php\/wp-json\/wp\/v2\/comments?post=1555"}],"version-history":[{"count":16,"href":"https:\/\/reddih.net\/index.php\/wp-json\/wp\/v2\/pages\/1555\/revisions"}],"predecessor-version":[{"id":2690,"href":"https:\/\/reddih.net\/index.php\/wp-json\/wp\/v2\/pages\/1555\/revisions\/2690"}],"wp:attachment":[{"href":"https:\/\/reddih.net\/index.php\/wp-json\/wp\/v2\/media?parent=1555"}],"curies":[{"name":"wp","href":"https:\/\/api.w.org\/{rel}","templated":true}]}}