{"id":1595,"date":"2022-02-22T18:38:54","date_gmt":"2022-02-22T18:38:54","guid":{"rendered":"http:\/\/reddih.net\/?page_id=1595"},"modified":"2022-02-22T18:38:54","modified_gmt":"2022-02-22T18:38:54","slug":"noticias","status":"publish","type":"page","link":"https:\/\/reddih.net\/index.php\/noticias\/","title":{"rendered":"Noticias"},"content":{"rendered":"\n<h1 class=\"has-text-align-left wp-block-heading\">Anuncian convocatoria para participar en la presea Mar\u00eda Latigo 2021<\/h1>\n\n\n\n<blockquote class=\"wp-block-quote is-layout-flow wp-block-quote-is-layout-flow\"><p>Este galard\u00f3n, que premia a los defensores y promotores de los derechos humanos, ser\u00e1 entregado en el mes de febrero de 2022<br><\/p><p><\/p><\/blockquote>\n\n\n\n<div class=\"wp-block-image\"><figure class=\"aligncenter\"><a href=\"http:\/\/www.gaceta.udg.mx\/wp-content\/uploads\/2021\/11\/img_1152-scaled.jpg\"><img decoding=\"async\" src=\"http:\/\/www.gaceta.udg.mx\/wp-content\/uploads\/2021\/11\/img_1152-696x464.jpg\" alt=\"\" title=\"img_1152\"\/><\/a><figcaption>Foto: Laura Herrera<\/figcaption><\/figure><\/div>\n\n\n\n<p class=\"has-text-align-left\">Por&nbsp;<a href=\"http:\/\/www.gaceta.udg.mx\/author\/laura-sepulveda\/\">Laura Sep\u00falveda Vel\u00e1zquez<\/a>&nbsp;&#8211;<br>noviembre 24, 2021<\/p>\n\n\n\n<p><\/p>\n\n\n\n<p class=\"has-text-align-left\">A partir del&nbsp;<strong>lunes 29 de noviembre quedar\u00e1 abierta la convocatoria para recibir la Presea Mar\u00eda Latigo<\/strong>, cuya finalidad es retribuir los esfuerzos realizados por una persona, grupo, organizaci\u00f3n, asociaci\u00f3n, colegio o instituci\u00f3n nacional o internacional cuya aportaci\u00f3n haya facilitado la investigaci\u00f3n, difusi\u00f3n, intercambio acad\u00e9mico, generaci\u00f3n de conocimiento, defensor\u00eda y buena pr\u00e1ctica de los derechos humanos.<\/p>\n\n\n\n<p class=\"has-text-align-left\">En rueda de prensa virtual, Jos\u00e9 Trinidad Padilla L\u00f3pez, presidente de la Red Internacional de Derechos Humanos y Derecho Internacional Humanitario, AC (RDDIH) y director de la Biblioteca P\u00fablica de Jalisco Juan Jos\u00e9 Arreola (BPEJ), inform\u00f3 que s<strong>e reconocer\u00e1 a la persona o instancia que haya aportado al desarrollo de la sociedad en materia de derechos humanos<\/strong>&nbsp;mediante su iniciativa, acci\u00f3n directa o indirecta y trabajo colaborativo en diferentes tem\u00e1ticas.<\/p>\n\n\n\n<p>\u201c<strong>Las tem\u00e1ticas son<\/strong>: educaci\u00f3n en los derechos humanos; derechos humanos de las v\u00edctimas; migraci\u00f3n; grupos ind\u00edgenas u originarios; equidad de g\u00e9nero; justicia, guerra, conflicto armado y desplazados; inclusi\u00f3n; derechos a la educaci\u00f3n y ambientes inclusivos; derechos a la salud; discriminaci\u00f3n racial; derechos del ni\u00f1o; desaparici\u00f3n forzada; derechos de personas con discapacidad; derechos de los adultos mayores; democracia y derechos humanos, as\u00ed como cualquiera que se relacione con la promoci\u00f3n y preservaci\u00f3n de los derechos humanos\u201d, inform\u00f3 Padilla L\u00f3pez.<\/p>\n\n\n\n<div id=\"attachment_95031\" class=\"wp-block-image\"><figure class=\"aligncenter is-resized\"><img loading=\"lazy\" decoding=\"async\" src=\"http:\/\/www.gaceta.udg.mx\/wp-content\/uploads\/2021\/11\/img_1470-scaled.jpg\" alt=\"\" class=\"wp-image-95031\" width=\"640\" height=\"427\"\/><figcaption>Foto: Laura Herrera<\/figcaption><\/figure><\/div>\n\n\n\n<p class=\"has-text-align-left\">El&nbsp;<strong>periodo de entrega de propuestas ser\u00e1 del 29 de noviembre de 2021 al 21 de enero de 2022<\/strong>&nbsp;v\u00eda correo electr\u00f3nico:&nbsp;<a href=\"mailto:reddihcontacto@gmail.com\" target=\"_blank\" rel=\"noreferrer noopener\">reddihcontacto@gmail.com<\/a>, y la entrega de la presea tendr\u00e1 lugar en el marco del III Congreso Internacional de Derechos Humanos, en febrero de 2022.<\/p>\n\n\n\n<p class=\"has-text-align-left\">La rectora de la Universidad Enrique D\u00edaz de Le\u00f3n, Claudia Robles Morales, se\u00f1al\u00f3 que la presea propone alentar a las personas, grupos y organizaciones que deseen fortalecer los procesos de justicia y paz en Am\u00e9rica Latina y el mundo, con el objetivo de honrar sus esfuerzos.<\/p>\n\n\n\n<p class=\"has-text-align-left\">\u201cEn su primera edici\u00f3n, en 2019, la ganadora fue la licenciada Altagracia Tamayo Madue\u00f1o por su labor en la defensa de los derechos humanos de los migrantes. En la edici\u00f3n 2020 el galardonado fue el doctor Emilio Garc\u00eda Marcader, por su labor en la defensa de las v\u00edctimas y el desarrollo de conceptos en victimolog\u00eda\u201d, apunt\u00f3.<\/p>\n\n\n\n<p class=\"has-text-align-left\">Carmen Salazar Rodr\u00edguez, jurado y enlace de la REDDIH, inform\u00f3 que&nbsp;<strong>el jurado estar\u00e1 integrado por cinco miembros independientes y un representante del Comit\u00e9 organizador<\/strong>&nbsp;del congreso internacional, reconocidos por su acci\u00f3n, promoci\u00f3n, defensa y educaci\u00f3n en cualquiera de las \u00e1reas de los derechos humanos.<\/p>\n\n\n\n<p class=\"has-text-align-left\">El magistrado del Supremo Tribunal de Justicia del Estado de Jalisco, Antonio Fierros Ram\u00edrez, dio a conocer que del 29 de noviembre al 3 de diciembre, durante las actividades de la&nbsp;<a href=\"https:\/\/www.fil.com.mx\/\" target=\"_blank\" rel=\"noreferrer noopener\">Feria Internacional del Libro de Guadalajara<\/a>, se llevar\u00e1 a cabo el&nbsp;<strong>III Foro Internacional de Derechos Humanos<\/strong>, en la modalidad en l\u00ednea y en el que se abordar\u00e1n temas como seguridad y justicia; democracia y Estado de derecho; adolescentes y j\u00f3venes; y salud y migraci\u00f3n.<\/p>\n\n\n\n<p class=\"has-text-align-left\">\u201cTendremos ocho ponentes internacionales de cinco pa\u00edses, cinco paneles acad\u00e9micos cient\u00edficos, cinco talleres formativos y dos conferencias magistrales\u201d, dijo Fierros Ram\u00edrez.<\/p>\n\n\n\n<p class=\"has-text-align-left\">Para mayor informaci\u00f3n se puede visitar la p\u00e1gina de Facebook&nbsp;<a href=\"https:\/\/www.facebook.com\/Congreso-Internacional-de-Derechos-Humanos-533615087013935\">Congreso Internacional de Derechos Humanos.<\/a><\/p>\n","protected":false},"excerpt":{"rendered":"","protected":false},"author":2,"featured_media":0,"parent":0,"menu_order":0,"comment_status":"closed","ping_status":"closed","template":"","meta":{"om_disable_all_campaigns":false,"_monsterinsights_skip_tracking":false,"_monsterinsights_sitenote_active":false,"_monsterinsights_sitenote_note":"","_monsterinsights_sitenote_category":0,"footnotes":""},"class_list":["post-1595","page","type-page","status-publish","hentry"],"_links":{"self":[{"href":"https:\/\/reddih.net\/index.php\/wp-json\/wp\/v2\/pages\/1595","targetHints":{"allow":["GET"]}}],"collection":[{"href":"https:\/\/reddih.net\/index.php\/wp-json\/wp\/v2\/pages"}],"about":[{"href":"https:\/\/reddih.net\/index.php\/wp-json\/wp\/v2\/types\/page"}],"author":[{"embeddable":true,"href":"https:\/\/reddih.net\/index.php\/wp-json\/wp\/v2\/users\/2"}],"replies":[{"embeddable":true,"href":"https:\/\/reddih.net\/index.php\/wp-json\/wp\/v2\/comments?post=1595"}],"version-history":[{"count":3,"href":"https:\/\/reddih.net\/index.php\/wp-json\/wp\/v2\/pages\/1595\/revisions"}],"predecessor-version":[{"id":1599,"href":"https:\/\/reddih.net\/index.php\/wp-json\/wp\/v2\/pages\/1595\/revisions\/1599"}],"wp:attachment":[{"href":"https:\/\/reddih.net\/index.php\/wp-json\/wp\/v2\/media?parent=1595"}],"curies":[{"name":"wp","href":"https:\/\/api.w.org\/{rel}","templated":true}]}}