{"id":1607,"date":"2022-02-22T18:48:12","date_gmt":"2022-02-22T18:48:12","guid":{"rendered":"http:\/\/reddih.net\/?page_id=1607"},"modified":"2022-02-22T18:56:35","modified_gmt":"2022-02-22T18:56:35","slug":"derechos-humanos","status":"publish","type":"page","link":"https:\/\/reddih.net\/index.php\/derechos-humanos\/","title":{"rendered":"Derechos Humanos"},"content":{"rendered":"\t\t<div data-elementor-type=\"wp-page\" data-elementor-id=\"1607\" class=\"elementor elementor-1607\" data-elementor-settings=\"[]\">\n\t\t\t\t\t\t\t<div class=\"elementor-section-wrap\">\n\t\t\t\t\t\t\t<section class=\"elementor-section elementor-top-section elementor-element elementor-element-559db46a elementor-section-boxed elementor-section-height-default elementor-section-height-default\" data-id=\"559db46a\" data-element_type=\"section\">\n\t\t\t\t\t\t<div class=\"elementor-container elementor-column-gap-default\">\n\t\t\t\t\t<div class=\"elementor-column elementor-col-100 elementor-top-column elementor-element elementor-element-5bb09bbc\" data-id=\"5bb09bbc\" data-element_type=\"column\">\n\t\t\t<div class=\"elementor-widget-wrap elementor-element-populated\">\n\t\t\t\t\t\t\t\t<div class=\"elementor-element elementor-element-75602b77 elementor-widget elementor-widget-text-editor\" data-id=\"75602b77\" data-element_type=\"widget\" data-widget_type=\"text-editor.default\">\n\t\t\t\t<div class=\"elementor-widget-container\">\n\t\t\t\t\t\t\t<p><img loading=\"lazy\" decoding=\"async\" src=\"https:\/\/reddih.net\/wp-content\/uploads\/2022\/02\/copia_de_img_9125.jpeg\" sizes=\"auto, (max-width: 220px) 100vw, 220px\" srcset=\"https:\/\/reddih.net\/wp-content\/uploads\/2022\/02\/copia_de_img_9125.jpeg 220w, https:\/\/reddih.net\/wp-content\/uploads\/2022\/02\/copia_de_img_9125-150x150.jpeg 150w, https:\/\/reddih.net\/wp-content\/uploads\/2022\/02\/copia_de_img_9125-200x200.jpeg 200w\" alt=\"\" width=\"220\" height=\"220\" \/><\/p>\n<p><!-- wp:heading {\"level\":1} --><\/p>\n<h1 id=\"page-title\">Presentan el libro \u201cTemas selectos de derechos humanos y derecho internacional humanitario\u201d<\/h1>\n<p><!-- \/wp:heading --><!-- wp:pullquote --><\/p>\n<figure>\n<blockquote>\n<p>En el marco del 3er Foro Internacional Derechos Humanos, Justicia y Resiliencia<\/p>\n<\/blockquote>\n<\/figure>\n<p><!-- \/wp:pullquote --><!-- wp:paragraph --><\/p>\n<p>\u00a0<\/p>\n<p><!-- \/wp:paragraph --><\/p>\t\t\t\t\t\t<\/div>\n\t\t\t\t<\/div>\n\t\t\t\t\t<\/div>\n\t\t<\/div>\n\t\t\t\t\t\t\t<\/div>\n\t\t<\/section>\n\t\t\t\t<section class=\"elementor-section elementor-top-section elementor-element elementor-element-2ee2d29 elementor-section-boxed elementor-section-height-default elementor-section-height-default\" data-id=\"2ee2d29\" data-element_type=\"section\">\n\t\t\t\t\t\t<div class=\"elementor-container elementor-column-gap-default\">\n\t\t\t\t\t<div class=\"elementor-column elementor-col-100 elementor-top-column elementor-element elementor-element-ea34d0c\" data-id=\"ea34d0c\" data-element_type=\"column\">\n\t\t\t<div class=\"elementor-widget-wrap elementor-element-populated\">\n\t\t\t\t\t\t\t\t<div class=\"elementor-element elementor-element-07af0b8 elementor-widget elementor-widget-text-editor\" data-id=\"07af0b8\" data-element_type=\"widget\" data-widget_type=\"text-editor.default\">\n\t\t\t\t<div class=\"elementor-widget-container\">\n\t\t\t\t\t\t\t<p style=\"font-style: normal; font-variant-ligatures: normal; font-variant-caps: normal; font-weight: 400; font-size: 16px; font-family: Roboto, sans-serif; text-indent: 0px; text-align: left;\">Mar, 30 Nov 2021 &#8211; 14:15\u00a0&#8212;\u00a0<br \/>Comunicaci\u00f3n Social<\/p>\n<p style=\"font-style: normal; font-variant-ligatures: normal; font-variant-caps: normal; font-weight: 400; font-size: 16px; font-family: Roboto, sans-serif; text-indent: 0px;\">\u00a0<\/p>\n<p style=\"font-style: normal; font-variant-ligatures: normal; font-variant-caps: normal; font-weight: 400; font-size: 16px; font-family: Roboto, sans-serif; text-indent: 0px; text-align: left;\">Este 29 de noviembre, en el marco del 3er Foro Internacional de Derechos Humanos, se present\u00f3 el libro\u00a0<em>Temas selectos de Derechos Humanos y Derecho Internacional Humanitario<\/em>\u00a0en el Auditorio \u201cJos\u00e9 Cornejo Franco\u201d de la Biblioteca P\u00fablica del Estado de Jalisco<em>.<\/em><\/p>\n<p style=\"font-style: normal; font-variant-ligatures: normal; font-variant-caps: normal; font-weight: 400; font-size: 16px; font-family: Roboto, sans-serif; text-indent: 0px; text-align: left;\">El libro fue coordinado por el Rector del Centro Universitario del Sur, doctor Jorge Galindo Garc\u00eda; el maestro Jos\u00e9 Trinidad Padilla L\u00f3pez, presidente de la Red Internacional de Derechos Humanos y Derecho Internacional Humanitario (REDDIH); y por el doctor Marcos Pablo Moloeznik, de la UdeG.<\/p>\n<p style=\"font-style: normal; font-variant-ligatures: normal; font-variant-caps: normal; font-weight: 400; font-size: 16px; font-family: Roboto, sans-serif; text-indent: 0px; text-align: left;\">Adem\u00e1s de los coordinadores, presentaron el libro la doctora Ver\u00f3nica Elizabeth Ucaranza S\u00e1nchez, presidenta de la Comisi\u00f3n Transitoria de Igualdad de G\u00e9nero y Derechos Humanos del Poder Judicial del Estado de Jalisco y el doctor Alfonso Hern\u00e1ndez Barr\u00f3n, Presidente de la Comisi\u00f3n Nacional de Derechos Humanos de Jalisco.<\/p>\n<p style=\"font-style: normal; font-variant-ligatures: normal; font-variant-caps: normal; font-weight: 400; font-size: 16px; font-family: Roboto, sans-serif; text-indent: 0px; text-align: left;\">En palabras de Padilla L\u00f3pezzz, el libro \u201ces un reflejo de lo que la red quiere hacer, con un intercambio de ideas y pensamientos que s\u00f3lo la sana confrontaci\u00f3n en el \u00e1mbito acad\u00e9mico de pensamiento cr\u00edtico y cient\u00edfico hace aparecer, pensando con libertad\u201d.<\/p>\n<p style=\"font-style: normal; font-variant-ligatures: normal; font-variant-caps: normal; font-weight: 400; font-size: 16px; font-family: Roboto, sans-serif; text-indent: 0px; text-align: left;\">Galindo Garc\u00eda dijo que se trabaj\u00f3 de forma estrat\u00e9gica para abordar los temas de derechos humanos, poniendo como principal inter\u00e9s la paz entre los j\u00f3venes pertenecientes a la comunidad universitaria, y agradeci\u00f3 a todos los colaboradores que formaron parte de la creaci\u00f3n del libro, as\u00ed como a la Universidad de Guadalajara, a la REDDIH y al Instituto Internacional de Derecho Humanitario de San Remo, Italia, por ser los coeditores de este proyecto.<\/p>\n<p style=\"font-style: normal; font-variant-ligatures: normal; font-variant-caps: normal; font-weight: 400; font-size: 16px; font-family: Roboto, sans-serif; text-indent: 0px; text-align: left;\"><em>Temas selectos de Derechos Humanos y Derecho Internacional Humanitario<\/em>\u00a0consta de 25 cap\u00edtulos divididos en 4 bloques tem\u00e1ticos, estos son:\u00a0<\/p>\n<p style=\"font-style: normal; font-variant-ligatures: normal; font-variant-caps: normal; font-weight: 400; font-size: 16px; font-family: Roboto, sans-serif; text-indent: 0px; text-align: left;\">\u00a0<\/p>\n<ul style=\"font-style: normal; font-variant-ligatures: normal; font-variant-caps: normal; font-weight: 400; font-size: 16px; font-family: Roboto, sans-serif; text-align: left;\">\n<li>Pandemia y Derechos Humanos<\/li>\n<li>Derechos Humanos de Primera Generaci\u00f3n<\/li>\n<li>Derechos Humanos de Segunda y Tercera Generaci\u00f3n<\/li>\n<li>Derecho Internacional Humanitario<\/li>\n<\/ul>\n<p style=\"font-style: normal; font-variant-ligatures: normal; font-variant-caps: normal; font-weight: 400; font-size: 16px; font-family: Roboto, sans-serif; text-indent: 0px; text-align: left;\">\u00a0<\/p>\n<p style=\"font-style: normal; font-variant-ligatures: normal; font-variant-caps: normal; font-weight: 400; font-size: 16px; font-family: Roboto, sans-serif; text-indent: 0px; text-align: left;\">En estos bloques se pueden encontrar diversos temas como el impacto de la pandemia sobre los derechos fundamentales como la vida y la salud; derechos civiles y pol\u00edticos; la especializaci\u00f3n de la Defensor\u00eda de Derechos Universitarios de la Universidad de Guadalajara y el Derecho Internacional Humanitario y su aplicaci\u00f3n. El libro incluye an\u00e1lisis y aportaciones de especialistas de diferentes pa\u00edses como Colombia, Espa\u00f1a, Italia, Per\u00fa, Polonia y M\u00e9xico, as\u00ed como las funciones de diferentes organismos mexicanos encargados del \u00e1rea de los derechos humanos.<\/p>\n<p style=\"font-style: normal; font-variant-ligatures: normal; font-variant-caps: normal; font-weight: 400; font-size: 16px; font-family: Roboto, sans-serif; text-indent: 0px; text-align: left;\">Por su parte, Ucaranza S\u00e1nchez mencion\u00f3 que este tipo de temas son necesarios por aportar a los derechos humanos, al hablar de la desigualdad social, la seguridad en M\u00e9xico, las condiciones laborales y los derechos fundamentales de los que poco se habla.<\/p>\n<p style=\"font-style: normal; font-variant-ligatures: normal; font-variant-caps: normal; font-weight: 400; font-size: 16px; font-family: Roboto, sans-serif; text-indent: 0px; text-align: left;\">Para concluir el evento, Hern\u00e1ndez Barr\u00f3n coment\u00f3 que este trabajo colectivo representa una motivaci\u00f3n para democratizar el conocimiento, as\u00ed como ser una investigaci\u00f3n que consigue enmarcar diferentes perspectivas que puede ser utilizada como herramienta de estudio, al hacer una obra argumentativa sobre la aplicaci\u00f3n de los derechos humanos y la justicia.<\/p>\n<p style=\"font-style: normal; font-variant-ligatures: normal; font-variant-caps: normal; font-weight: 400; font-size: 16px; font-family: Roboto, sans-serif; text-indent: 0px; text-align: left;\">\u00a0<\/p>\n<p style=\"font-style: normal; font-variant-ligatures: normal; font-variant-caps: normal; font-weight: 400; font-size: 16px; font-family: Roboto, sans-serif; text-indent: 0px; text-align: left;\"><strong>Texto: Nadia Cea<\/strong><\/p>\t\t\t\t\t\t<\/div>\n\t\t\t\t<\/div>\n\t\t\t\t\t<\/div>\n\t\t<\/div>\n\t\t\t\t\t\t\t<\/div>\n\t\t<\/section>\n\t\t\t\t\t\t<\/div>\n\t\t\t\t\t<\/div>\n\t\t","protected":false},"excerpt":{"rendered":"","protected":false},"author":2,"featured_media":0,"parent":0,"menu_order":0,"comment_status":"closed","ping_status":"closed","template":"","meta":{"om_disable_all_campaigns":false,"_monsterinsights_skip_tracking":false,"_monsterinsights_sitenote_active":false,"_monsterinsights_sitenote_note":"","_monsterinsights_sitenote_category":0,"footnotes":""},"class_list":["post-1607","page","type-page","status-publish","hentry"],"_links":{"self":[{"href":"https:\/\/reddih.net\/index.php\/wp-json\/wp\/v2\/pages\/1607","targetHints":{"allow":["GET"]}}],"collection":[{"href":"https:\/\/reddih.net\/index.php\/wp-json\/wp\/v2\/pages"}],"about":[{"href":"https:\/\/reddih.net\/index.php\/wp-json\/wp\/v2\/types\/page"}],"author":[{"embeddable":true,"href":"https:\/\/reddih.net\/index.php\/wp-json\/wp\/v2\/users\/2"}],"replies":[{"embeddable":true,"href":"https:\/\/reddih.net\/index.php\/wp-json\/wp\/v2\/comments?post=1607"}],"version-history":[{"count":7,"href":"https:\/\/reddih.net\/index.php\/wp-json\/wp\/v2\/pages\/1607\/revisions"}],"predecessor-version":[{"id":1615,"href":"https:\/\/reddih.net\/index.php\/wp-json\/wp\/v2\/pages\/1607\/revisions\/1615"}],"wp:attachment":[{"href":"https:\/\/reddih.net\/index.php\/wp-json\/wp\/v2\/media?parent=1607"}],"curies":[{"name":"wp","href":"https:\/\/api.w.org\/{rel}","templated":true}]}}