{"id":1683,"date":"2022-03-14T20:07:29","date_gmt":"2022-03-14T20:07:29","guid":{"rendered":"http:\/\/reddih.net\/?page_id=1683"},"modified":"2022-03-14T20:07:29","modified_gmt":"2022-03-14T20:07:29","slug":"presea-maria-latigo-2021","status":"publish","type":"page","link":"https:\/\/reddih.net\/index.php\/presea-maria-latigo-2021\/","title":{"rendered":"Presea Mar\u00eda Latigo 2021"},"content":{"rendered":"\n<h2 class=\"has-text-align-center wp-block-heading\">La REDDIH anuncia ganador de la presea Mar\u00eda Latigo 2021<\/h2>\n\n\n\n<figure class=\"wp-block-image size-full\"><img loading=\"lazy\" decoding=\"async\" width=\"750\" height=\"450\" src=\"https:\/\/reddih.net\/wp-content\/uploads\/2022\/03\/guillermo-whpei.jpeg\" alt=\"\" class=\"wp-image-1685\" srcset=\"https:\/\/reddih.net\/wp-content\/uploads\/2022\/03\/guillermo-whpei.jpeg 750w, https:\/\/reddih.net\/wp-content\/uploads\/2022\/03\/guillermo-whpei-300x180.jpeg 300w, https:\/\/reddih.net\/wp-content\/uploads\/2022\/03\/guillermo-whpei-333x200.jpeg 333w, https:\/\/reddih.net\/wp-content\/uploads\/2022\/03\/guillermo-whpei-615x369.jpeg 615w\" sizes=\"auto, (max-width: 750px) 100vw, 750px\" \/><\/figure>\n\n\n\n<p>La Red internacional de Derechos Humanos y Derecho Internacional Humanitario, (REDDIH), dio a conocer a quien resultara ganador de la presea \u201cMar\u00eda Latigo\u201d en su edici\u00f3n 2021.<\/p>\n\n\n\n<p>En rueda de prensa, el presidente de la REDDIH el maestro Jos\u00e9 Trinidad Padilla L\u00f3pez dio a conocer al ganador de la presea, para la cual se designo al empresario argentino Guillermo Pablo Whpei como ganador de la misma por su reconocida trayectoria en la lucha contra la esclavitud moderna y su apoyo a causas de personas menos favorecidas.<\/p>\n\n\n\n<p>El premio \u201cMar\u00eda L\u00e1tigo se encuentra en su tercera edici\u00f3n donde la primera se otorgo a Altagracia Tamayo Madue\u00f1o, y la segunda se entregar\u00e1 en esta ocasi\u00f3n junto con la tercera al Dr. Emilio Garc\u00eda Mercader, y al empresario Pablo Whpei respectivamente.<\/p>\n\n\n\n<p>La entrega de la medalla se har\u00e1 dentro del marco del 3er Congreso Internacional de Derechos Humanos, Justicia y Estado de Derecho que se llevar\u00e1 a cabo en el mes de septiembre de 2022.<\/p>\n","protected":false},"excerpt":{"rendered":"","protected":false},"author":2,"featured_media":0,"parent":0,"menu_order":0,"comment_status":"closed","ping_status":"closed","template":"","meta":{"om_disable_all_campaigns":false,"_monsterinsights_skip_tracking":false,"_monsterinsights_sitenote_active":false,"_monsterinsights_sitenote_note":"","_monsterinsights_sitenote_category":0,"footnotes":""},"class_list":["post-1683","page","type-page","status-publish","hentry"],"_links":{"self":[{"href":"https:\/\/reddih.net\/index.php\/wp-json\/wp\/v2\/pages\/1683","targetHints":{"allow":["GET"]}}],"collection":[{"href":"https:\/\/reddih.net\/index.php\/wp-json\/wp\/v2\/pages"}],"about":[{"href":"https:\/\/reddih.net\/index.php\/wp-json\/wp\/v2\/types\/page"}],"author":[{"embeddable":true,"href":"https:\/\/reddih.net\/index.php\/wp-json\/wp\/v2\/users\/2"}],"replies":[{"embeddable":true,"href":"https:\/\/reddih.net\/index.php\/wp-json\/wp\/v2\/comments?post=1683"}],"version-history":[{"count":1,"href":"https:\/\/reddih.net\/index.php\/wp-json\/wp\/v2\/pages\/1683\/revisions"}],"predecessor-version":[{"id":1686,"href":"https:\/\/reddih.net\/index.php\/wp-json\/wp\/v2\/pages\/1683\/revisions\/1686"}],"wp:attachment":[{"href":"https:\/\/reddih.net\/index.php\/wp-json\/wp\/v2\/media?parent=1683"}],"curies":[{"name":"wp","href":"https:\/\/api.w.org\/{rel}","templated":true}]}}